{"id":4397,"date":"2026-05-04T12:11:41","date_gmt":"2026-05-04T10:11:41","guid":{"rendered":"https:\/\/hcpderie.fr\/?page_id=4397"},"modified":"2026-05-04T13:42:40","modified_gmt":"2026-05-04T11:42:40","slug":"centenaire-du-quartier-des-demoiselles","status":"publish","type":"page","link":"https:\/\/hcpderie.fr\/?page_id=4397","title":{"rendered":"Centenaire du quartier des Demoiselles"},"content":{"rendered":"\t\t<div data-elementor-type=\"wp-page\" data-elementor-id=\"4397\" class=\"elementor elementor-4397\">\n\t\t\t\t<div class=\"elementor-element elementor-element-69b7c944 e-flex e-con-boxed e-con e-parent\" data-id=\"69b7c944\" data-element_type=\"container\" data-e-type=\"container\">\n\t\t\t\t\t<div class=\"e-con-inner\">\n\t\t\t\t<div class=\"elementor-element elementor-element-7dc9579b elementor-widget elementor-widget-text-editor\" data-id=\"7dc9579b\" data-element_type=\"widget\" data-e-type=\"widget\" data-widget_type=\"text-editor.default\">\n\t\t\t\t\t\t\t\t\t\t\t\t\t\t\t\t\t<\/div>\n\t\t\t\t\t<\/div>\n\t\t\t\t<\/div>\n\t\t\t\t<div class=\"elementor-element elementor-element-241b732 e-con e-atomic-element e-div-block-base e-241b732-320f3eb\" data-id=\"241b732\" data-element_type=\"e-div-block\" data-e-type=\"e-div-block\" data-interaction-id=\"241b732\">\n\t\t\t\t\t\t\t<h2 \n\t\tdata-interaction-id=\"32a158a\" \n\t\tclass=\"e-heading-base\" \n\t\t \n\t\t\n\t>\n\t\n\t\t\tCentenaire du quartier des Demoiselles\n\t\t<\/h2>\n\t\t\t\t\t\t\t\t<p class=\"e-paragraph-base\" data-interaction-id=\"3e383aa\"  >\n\t\t\t\t\t\t\t\tLe vendredi 1er mai 2026, la Mairie de Saint-Hilaire-de-Riez et l'association HCPPRV ont c\u00e9l\u00e9br\u00e9 le centenaire du quartier des Demoiselles. C\u00e9r\u00e9monie protocolaire, d\u00e9voilement d'une sculpture en hommage aux soldats am\u00e9ricains, reconstitution du camp de 1918... Plus de <strong id=\"e-mor1gtph-k5p0p1d\">800 visiteurs<\/strong> ont r\u00e9pondu pr\u00e9sent.<br><strong id=\"e-mor1gtph-3f7hpic\">L'exposition r\u00e9alis\u00e9e en partenariat avec Arexcpo, reste ouverte jusqu'au 20 mai.<\/strong>\n\t\t\t\t\t<\/p>\n\t\t\t\t\t\t\t\n\t\t\t<img class=\"e-image-base e-678a3b3-9b4000d\" \n\t\t\t\t\tdata-interaction-id=\"678a3b3\" \n\t\t \n\t\t \n\t\t\t\t\t\t\t\t\tid=\"4203\"\n\t\t\t\t\t\t\t\t\t\t\t\tsrc=\"https:\/\/hcpderie.fr\/wp-content\/uploads\/2026\/04\/IMG_1965.jpg\"\n\t\t\t\t\t\t\t\t\t\t\t\twidth=\"1800\"\n\t\t\t\t\t\t\t\t\t\t\t\theight=\"850\"\n\t\t\t\t\t\t\t\t\t\t\t\tsrcset=\"https:\/\/hcpderie.fr\/wp-content\/uploads\/2026\/04\/IMG_1965.jpg 1800w, https:\/\/hcpderie.fr\/wp-content\/uploads\/2026\/04\/IMG_1965-300x142.jpg 300w, https:\/\/hcpderie.fr\/wp-content\/uploads\/2026\/04\/IMG_1965-1024x484.jpg 1024w, https:\/\/hcpderie.fr\/wp-content\/uploads\/2026\/04\/IMG_1965-768x363.jpg 768w, https:\/\/hcpderie.fr\/wp-content\/uploads\/2026\/04\/IMG_1965-1536x725.jpg 1536w\"\n\t\t\t\t\t\t\t\t\t\t\t\talt=\"\"\n\t\t\t\t\t\t\/>\n\t\t\t\t\t<div class=\"elementor-element elementor-element-66f3d43 e-con e-atomic-element e-flexbox-base e-66f3d43-aed6b5c\" data-id=\"66f3d43\" data-element_type=\"e-flexbox\" data-e-type=\"e-flexbox\" data-interaction-id=\"66f3d43\">\n\t\t\t\t<div class=\"elementor-element elementor-element-52dca8d e-con e-atomic-element e-flexbox-base e-52dca8d-ac9b064\" data-id=\"52dca8d\" data-element_type=\"e-flexbox\" data-e-type=\"e-flexbox\" data-interaction-id=\"52dca8d\">\n\t\t\t\t\t\t\t\n\t\t\t<img class=\"e-image-base e-5ab2c02-4005f1a\" \n\t\t\t\t\tdata-interaction-id=\"5ab2c02\" \n\t\t \n\t\t \n\t\t\t\t\t\t\t\t\tsrc=\"https:\/\/hcpderie.fr\/wp-content\/plugins\/elementor\/assets\/images\/placeholder-v4.svg\"\n\t\t\t\t\t\t\/>\n\t\t\t\t\t\t\t\t<h2 \n\t\tdata-interaction-id=\"a8fdedf\" \n\t\tclass=\"e-heading-base\" \n\t\t \n\t\t\n\t>\n\t\n\t\t\tMonument, Chemin de m\u00e9moire &amp; Discours\n\t\t<\/h2>\n\t\t\t\t\t    \t            <button class=\"e-button-base\" data-interaction-id=\"efceac7\" id=https&amp;#x3A;&amp;#x2F;&amp;#x2F;hcpderie.fr&amp;#x2F;&amp;#x3F;p&amp;#x3D;4408 >\n            D\u00e9couvrir\n        <\/button>\n    \t\t\t\t<\/div>\n\t\t\t\t<div class=\"elementor-element elementor-element-07c6d9d e-con e-atomic-element e-flexbox-base e-07c6d9d-7f8bc91\" data-id=\"07c6d9d\" data-element_type=\"e-flexbox\" data-e-type=\"e-flexbox\" data-interaction-id=\"07c6d9d\">\n\t\t\t\t\t\t\t\n\t\t\t<img class=\"e-image-base e-6887839-4c4d31b\" \n\t\t\t\t\tdata-interaction-id=\"6887839\" \n\t\t \n\t\t \n\t\t\t\t\t\t\t\t\tsrc=\"https:\/\/hcpderie.fr\/wp-content\/plugins\/elementor\/assets\/images\/placeholder-v4.svg\"\n\t\t\t\t\t\t\/>\n\t\t\t\t\t\t\t\t<h2 \n\t\tdata-interaction-id=\"5426ed2\" \n\t\tclass=\"e-heading-base\" \n\t\t \n\t\t\n\t>\n\t\n\t\t\tReconstitution du campement militaire\n\t\t<\/h2>\n\t\t\t\t\t    \t            <button class=\"e-button-base\" data-interaction-id=\"b8a2e05\" id=https&amp;#x3A;&amp;#x2F;&amp;#x2F;hcpderie.fr&amp;#x2F;&amp;#x3F;p&amp;#x3D;4410 >\n            D\u00e9couvrir\n        <\/button>\n    \t\t\t\t<\/div>\n\t\t\t\t<div class=\"elementor-element elementor-element-d350fdb e-con e-atomic-element e-flexbox-base e-d350fdb-96723a7\" data-id=\"d350fdb\" data-element_type=\"e-flexbox\" data-e-type=\"e-flexbox\" data-interaction-id=\"d350fdb\">\n\t\t\t\t\t\t\t\n\t\t\t<img class=\"e-image-base e-3bbc5cf-a8efbd3\" \n\t\t\t\t\tdata-interaction-id=\"3bbc5cf\" \n\t\t \n\t\t \n\t\t\t\t\t\t\t\t\tsrc=\"https:\/\/hcpderie.fr\/wp-content\/plugins\/elementor\/assets\/images\/placeholder-v4.svg\"\n\t\t\t\t\t\t\/>\n\t\t\t\t\t\t\t\t<h2 \n\t\tdata-interaction-id=\"df73009\" \n\t\tclass=\"e-heading-base\" \n\t\t \n\t\t\n\t>\n\t\n\t\t\tL'Exposition\n\t\t<\/h2>\n\t\t\t\t\t    \t            <button class=\"e-button-base\" data-interaction-id=\"d2187b7\" id=https&amp;#x3A;&amp;#x2F;&amp;#x2F;hcpderie.fr&amp;#x2F;&amp;#x3F;p&amp;#x3D;4412 >\n            D\u00e9couvrir\n        <\/button>\n    \t\t\t\t<\/div>\n\t\t\t\t<\/div>\n\t\t\t\t\t    \t            <button class=\"e-328506c-68d7dfc e-button-base\" data-interaction-id=\"328506c\" id=https&amp;#x3A;&amp;#x2F;&amp;#x2F;hcpderie.fr&amp;#x2F;&amp;#x3F;p&amp;#x3D;4414 >\n            Revue de presse\n        <\/button>\n    \t\t\t\t<div class=\"elementor-element elementor-element-a1b353b e-con e-atomic-element e-flexbox-base e-a1b353b-adbaf6f\" data-id=\"a1b353b\" data-element_type=\"e-flexbox\" data-e-type=\"e-flexbox\" data-interaction-id=\"a1b353b\">\n\t\t\t\t\t\t\t<h2 \n\t\tdata-interaction-id=\"8783177\" \n\t\tclass=\"e-heading-base\" \n\t\t \n\t\t\n\t>\n\t\n\t\t\tCeci est un titre\n\t\t<\/h2>\n\t\t\t\t\t\t\t\t<p class=\"e-paragraph-base\" data-interaction-id=\"c24ef16\"  >\n\t\t\t\t\t\t\t\tSaisissez ici votre paragraphe\n\t\t\t\t\t<\/p>\n\t\t\t\t\t\t\t\n\t\t\t<img class=\"e-image-base e-2d771e5-8254f0c\" \n\t\t\t\t\tdata-interaction-id=\"2d771e5\" \n\t\t \n\t\t \n\t\t\t\t\t\t\t\t\tsrc=\"https:\/\/hcpderie.fr\/wp-content\/plugins\/elementor\/assets\/images\/placeholder-v4.svg\"\n\t\t\t\t\t\t\/>\n\t\t\t\t\t<\/div>\n\t\t\t\t<div class=\"elementor-element elementor-element-306a71b e-con e-atomic-element e-flexbox-base e-306a71b-41c66ca\" data-id=\"306a71b\" data-element_type=\"e-flexbox\" data-e-type=\"e-flexbox\" data-interaction-id=\"306a71b\">\n\t\t\t\t<div class=\"elementor-element elementor-element-76b6f19 e-con e-atomic-element e-div-block-base e-76b6f19-598ae50\" data-id=\"76b6f19\" data-element_type=\"e-div-block\" data-e-type=\"e-div-block\" data-interaction-id=\"76b6f19\">\n\t\t\t\t<div class=\"elementor-element elementor-element-b048ded e-con e-atomic-element e-flexbox-base\" data-id=\"b048ded\" data-element_type=\"e-flexbox\" data-e-type=\"e-flexbox\" data-interaction-id=\"b048ded\">\n\t\t\t\t<\/div>\n\t\t\t\t<div class=\"elementor-element elementor-element-5e6d257 e-con e-atomic-element e-flexbox-base\" data-id=\"5e6d257\" data-element_type=\"e-flexbox\" data-e-type=\"e-flexbox\" data-interaction-id=\"5e6d257\">\n\t\t\t\t<\/div>\n\t\t\t\t<div class=\"elementor-element elementor-element-354a4ae e-con e-atomic-element e-flexbox-base\" data-id=\"354a4ae\" data-element_type=\"e-flexbox\" data-e-type=\"e-flexbox\" data-interaction-id=\"354a4ae\">\n\t\t\t\t<\/div>\n\t\t\t\t<\/div>\n\t\t\t\t\t    \t            <button class=\"e-button-base\" data-interaction-id=\"9aaa60c\"  >\n            Cliquez ici\n        <\/button>\n    \t\t\t\t<\/div>\n\t\t\t\t<div class=\"elementor-element elementor-element-72c478c e-con e-atomic-element e-flexbox-base e-72c478c-200e852\" data-id=\"72c478c\" data-element_type=\"e-flexbox\" data-e-type=\"e-flexbox\" data-interaction-id=\"72c478c\">\n\t\t\t\t\t\t\t<h2 \n\t\tdata-interaction-id=\"5eed35d\" \n\t\tclass=\"e-heading-base\" \n\t\t \n\t\t\n\t>\n\t\n\t\t\tVous \u00e9tiez l\u00e0?\n\t\t<\/h2>\n\t\t\t\t\t\t\t\t<p class=\"e-paragraph-base\" data-interaction-id=\"2fb955b\"  >\n\t\t\t\t\t\t\t\tinvitation\n\t\t\t\t\t<\/p>\n\t\t\t\t<\/div>\n\t\t\t\t<div class=\"elementor-element elementor-element-1492f86 e-con e-atomic-element e-flexbox-base e-1492f86-dbaf7c6\" data-id=\"1492f86\" data-element_type=\"e-flexbox\" data-e-type=\"e-flexbox\" data-interaction-id=\"1492f86\">\n\t\t\t\t\t\t\t\t<p class=\"e-paragraph-base\" data-interaction-id=\"9adb4fe\"  >\n\t\t\t\t\t\t\t\tremerciements\n\t\t\t\t\t<\/p>\n\t\t\t\t<\/div>\n\t\t\t\t<\/div>\n\t\t\t\t<\/div>\n\t\t","protected":false},"excerpt":{"rendered":"<p>Centenaire du quartier des Demoiselles Le vendredi 1er mai 2026, la Mairie de Saint-Hilaire-de-Riez et l&rsquo;association HCPPRV ont c\u00e9l\u00e9br\u00e9 le [&hellip;]<\/p>\n","protected":false},"author":1,"featured_media":0,"parent":0,"menu_order":0,"comment_status":"closed","ping_status":"closed","template":"","meta":{"_angie_page":false,"site-sidebar-layout":"default","site-content-layout":"","ast-site-content-layout":"default","site-content-style":"default","site-sidebar-style":"default","ast-global-header-display":"","ast-banner-title-visibility":"","ast-main-header-display":"","ast-hfb-above-header-display":"","ast-hfb-below-header-display":"","ast-hfb-mobile-header-display":"","site-post-title":"","ast-breadcrumbs-content":"","ast-featured-img":"","footer-sml-layout":"","ast-disable-related-posts":"","theme-transparent-header-meta":"","adv-header-id-meta":"","stick-header-meta":"","header-above-stick-meta":"","header-main-stick-meta":"","header-below-stick-meta":"","astra-migrate-meta-layouts":"default","ast-page-background-enabled":"default","ast-page-background-meta":{"desktop":{"background-color":"var(--ast-global-color-5)","background-image":"","background-repeat":"repeat","background-position":"center center","background-size":"auto","background-attachment":"scroll","background-type":"","background-media":"","overlay-type":"","overlay-color":"","overlay-opacity":"","overlay-gradient":""},"tablet":{"background-color":"","background-image":"","background-repeat":"repeat","background-position":"center center","background-size":"auto","background-attachment":"scroll","background-type":"","background-media":"","overlay-type":"","overlay-color":"","overlay-opacity":"","overlay-gradient":""},"mobile":{"background-color":"","background-image":"","background-repeat":"repeat","background-position":"center center","background-size":"auto","background-attachment":"scroll","background-type":"","background-media":"","overlay-type":"","overlay-color":"","overlay-opacity":"","overlay-gradient":""}},"ast-content-background-meta":{"desktop":{"background-color":"var(--ast-global-color-4)","background-image":"","background-repeat":"repeat","background-position":"center center","background-size":"auto","background-attachment":"scroll","background-type":"","background-media":"","overlay-type":"","overlay-color":"","overlay-opacity":"","overlay-gradient":""},"tablet":{"background-color":"var(--ast-global-color-4)","background-image":"","background-repeat":"repeat","background-position":"center center","background-size":"auto","background-attachment":"scroll","background-type":"","background-media":"","overlay-type":"","overlay-color":"","overlay-opacity":"","overlay-gradient":""},"mobile":{"background-color":"var(--ast-global-color-4)","background-image":"","background-repeat":"repeat","background-position":"center center","background-size":"auto","background-attachment":"scroll","background-type":"","background-media":"","overlay-type":"","overlay-color":"","overlay-opacity":"","overlay-gradient":""}},"footnotes":""},"class_list":["post-4397","page","type-page","status-publish","hentry"],"aioseo_notices":[],"jetpack_sharing_enabled":true,"jetpack_likes_enabled":true,"rttpg_featured_image_url":null,"rttpg_author":{"display_name":"ADMIN17","author_link":"https:\/\/hcpderie.fr\/?author=1"},"rttpg_comment":0,"rttpg_category":null,"rttpg_excerpt":"Centenaire du quartier des Demoiselles Le vendredi 1er mai 2026, la Mairie de Saint-Hilaire-de-Riez et l&rsquo;association HCPPRV ont c\u00e9l\u00e9br\u00e9 le [&hellip;]","_links":{"self":[{"href":"https:\/\/hcpderie.fr\/index.php?rest_route=\/wp\/v2\/pages\/4397","targetHints":{"allow":["GET"]}}],"collection":[{"href":"https:\/\/hcpderie.fr\/index.php?rest_route=\/wp\/v2\/pages"}],"about":[{"href":"https:\/\/hcpderie.fr\/index.php?rest_route=\/wp\/v2\/types\/page"}],"author":[{"embeddable":true,"href":"https:\/\/hcpderie.fr\/index.php?rest_route=\/wp\/v2\/users\/1"}],"replies":[{"embeddable":true,"href":"https:\/\/hcpderie.fr\/index.php?rest_route=%2Fwp%2Fv2%2Fcomments&post=4397"}],"version-history":[{"count":28,"href":"https:\/\/hcpderie.fr\/index.php?rest_route=\/wp\/v2\/pages\/4397\/revisions"}],"predecessor-version":[{"id":4437,"href":"https:\/\/hcpderie.fr\/index.php?rest_route=\/wp\/v2\/pages\/4397\/revisions\/4437"}],"wp:attachment":[{"href":"https:\/\/hcpderie.fr\/index.php?rest_route=%2Fwp%2Fv2%2Fmedia&parent=4397"}],"curies":[{"name":"wp","href":"https:\/\/api.w.org\/{rel}","templated":true}]}}