{"id":2089,"date":"2026-03-09T08:38:21","date_gmt":"2026-03-09T07:38:21","guid":{"rendered":"https:\/\/hcpderie.fr\/myfreshinstall01\/?page_id=2089"},"modified":"2026-03-11T17:08:56","modified_gmt":"2026-03-11T16:08:56","slug":"les-expositions","status":"publish","type":"page","link":"https:\/\/hcpderie.fr\/?page_id=2089","title":{"rendered":"Les expositions"},"content":{"rendered":"\t\t<div data-elementor-type=\"wp-page\" data-elementor-id=\"2089\" class=\"elementor elementor-2089\">\n\t\t\t\t<div class=\"elementor-element elementor-element-10a4e967 e-flex e-con-boxed e-con e-parent\" data-id=\"10a4e967\" data-element_type=\"container\" data-e-type=\"container\">\n\t\t\t\t\t<div class=\"e-con-inner\">\n\t\t\t\t<div class=\"elementor-element elementor-element-2a118b9d elementor-widget elementor-widget-text-editor\" data-id=\"2a118b9d\" data-element_type=\"widget\" data-e-type=\"widget\" data-widget_type=\"text-editor.default\">\n\t\t\t\t\t\t\t\t\t\t\t\t\t\t\t\t\t<\/div>\n\t\t\t\t\t<\/div>\n\t\t\t\t<\/div>\n\t\t<div class=\"elementor-element elementor-element-a1ea707 e-flex e-con-boxed e-con e-parent\" data-id=\"a1ea707\" data-element_type=\"container\" data-e-type=\"container\">\n\t\t\t\t\t<div class=\"e-con-inner\">\n\t\t\t\t<div class=\"elementor-element elementor-element-a63e352 meta-visibility-show section-title-style-style1 title_position_default title_hover_border_default title-default img_hover_animation_default meta_position_default readmore-btn-default-style grid-hover-overlay-type-always tpg-el-box-border-enable tpg-border-bottom-disable elementor-widget elementor-widget-tpg-grid-layout\" data-id=\"a63e352\" data-element_type=\"widget\" data-e-type=\"widget\" data-widget_type=\"tpg-grid-layout.default\">\n\t\t\t\t<div class=\"elementor-widget-container\">\n\t\t\t\t\t\t\t<div class=\"rt-container-fluid rt-tpg-container tpg-el-main-wrapper clearfix grid-layout1-main \"\n\t\t\t id=\"rt-tpg-container-562047981\"\n\t\t\t data-layout=\"grid-layout1\"\n\t\t\t data-grid-style=\"tpg-full-height\"\n\t\t\t data-sc-id=\"elementor\"\n\t\t\t data-el-settings=''\n\t\t\t data-el-query=''\n\t\t\t data-el-path=''\n\t\t>\n\t\t\t\t\t\t<div class='tpg-header-wrapper '>\n\t\t\t\t\n        <div class=\"tpg-widget-heading-wrapper rt-clear heading-style1 \">\n            <span class=\"tpg-widget-heading-line line-left\"><\/span>\n            <h1 class='tpg-widget-heading'>\n            \n                                    <span>\n\t\t\t\t\t\tles expositions\t\t\t\t\t<\/span>\n                    \n                            <\/h1>            <span class=\"tpg-widget-heading-line line-right\"><\/span>\n\n            \n        <\/div>\n\n        \n        \t\t\t<\/div>\n\n\t\t\t<div data-title=\"Loading ...\" class=\"rt-row rt-content-loader grid-layout1 grid-behaviour tpg-full-height grid_layout_wrapper\">\n\t\t\t\t<div class=\"rt-col-md-4 rt-col-sm-6 rt-col-xs-12 default rt-grid-item post-2740 post type-post status-publish format-standard has-post-thumbnail hentry category-conference category-exposition\"        data-id=\"2740\">\n    <div class=\"rt-holder tpg-post-holder \">\n        <div class=\"rt-detail rt-el-content-wrapper\">\n\t\t\t                <div class=\"rt-img-holder tpg-el-image-wrap has-thumbnail\">\n\t\t\t\t\t                        <img fetchpriority=\"high\" decoding=\"async\" src=\"https:\/\/hcpderie.fr\/wp-content\/uploads\/2026\/03\/Affiche-Le-centenaire-des-Demoiselles-mars6_page-0001-768x1086.jpg\"\n                             class=\"rt-img-responsive\"\n                             width=\"768\"\n                             height=\"1086\"\n                             alt=\"Le centenaire des Demoiselles\">\n                        \n                            \n        \n                <div class=\"overlay grid-hover-content\"><\/div>\n                        <\/div>\n\t\t\t\n\t\t\t<div class=\"entry-title-wrapper\"><h2 class=\"entry-title\"><a data-id=\"2740\" href=\"https:\/\/hcpderie.fr\/?p=2740\" class=\"tpg-post-link\" target=\"_self\">Le centenaire des Demoiselles<\/a><\/h2><\/div>\n\t\t\t                <div class=\"post-meta-tags rt-el-post-meta\">\n\t\t\t\t\t            <span class='date'>\n\t\t\t\t                                    23 mars 2026                \t\t\t<\/span>\n                            <\/div>\n\t\t\t\n\n\t\t\t                <div class=\"tpg-excerpt tpg-el-excerpt\">\n\t\t\t\t\t                        <div class=\"tpg-excerpt-inner\">\n\t\t\t\t\t\t\tLe centenaire des Demoiselles en mai 2026 Accueil Accueil...                        <\/div>\n\t\t\t\t\t\t\t\t\t\t                <\/div>\n\t\t\t\n\t\t\t        <div class=\"post-footer\">\n            <div class=\"post-footer\">\n                <div class=\"read-more\">\n                    <a data-id=\"2740\" href=\"https:\/\/hcpderie.fr\/?p=2740\" class=\"tpg-post-link\" target=\"_self\">En savoir plus<\/a>                <\/div>\n            <\/div>\n        <\/div>\n                <\/div>\n    <\/div>\n<\/div>\n<div class=\"rt-col-md-4 rt-col-sm-6 rt-col-xs-12 default rt-grid-item post-3365 post type-post status-publish format-standard has-post-thumbnail hentry category-exposition\"        data-id=\"3365\">\n    <div class=\"rt-holder tpg-post-holder \">\n        <div class=\"rt-detail rt-el-content-wrapper\">\n\t\t\t                <div class=\"rt-img-holder tpg-el-image-wrap has-thumbnail\">\n\t\t\t\t\t                        <img decoding=\"async\" src=\"https:\/\/hcpderie.fr\/wp-content\/uploads\/2026\/03\/2-1-768x577.jpg\"\n                             class=\"rt-img-responsive\"\n                             width=\"768\"\n                             height=\"577\"\n                             alt=\"Belle exposition propos\u00e9e par Histoire, Culture et Patrimoine du Pays de Ri\u00e9\">\n                        \n                            \n        \n                <div class=\"overlay grid-hover-content\"><\/div>\n                        <\/div>\n\t\t\t\n\t\t\t<div class=\"entry-title-wrapper\"><h2 class=\"entry-title\"><a data-id=\"3365\" href=\"https:\/\/hcpderie.fr\/?p=3365\" class=\"tpg-post-link\" target=\"_self\">Belle exposition propos\u00e9e par Histoire, Culture et Patrimoine du Pays de Ri\u00e9<\/a><\/h2><\/div>\n\t\t\t                <div class=\"post-meta-tags rt-el-post-meta\">\n\t\t\t\t\t            <span class='date'>\n\t\t\t\t                                    9 octobre 2024                \t\t\t<\/span>\n                            <\/div>\n\t\t\t\n\n\t\t\t                <div class=\"tpg-excerpt tpg-el-excerpt\">\n\t\t\t\t\t                        <div class=\"tpg-excerpt-inner\">\n\t\t\t\t\t\t\tBelle exposition propos\u00e9e par Histoire, Culture et Patrimoine du Pays de Ri\u00e9 L\u2019exposition \u00ab\u00a0Le camp d\u2019aviation am\u00e9ricain de Champ Gaillard\u00a0\u00bb...                        <\/div>\n\t\t\t\t\t\t\t\t\t\t                <\/div>\n\t\t\t\n\t\t\t        <div class=\"post-footer\">\n            <div class=\"post-footer\">\n                <div class=\"read-more\">\n                    <a data-id=\"3365\" href=\"https:\/\/hcpderie.fr\/?p=3365\" class=\"tpg-post-link\" target=\"_self\">En savoir plus<\/a>                <\/div>\n            <\/div>\n        <\/div>\n                <\/div>\n    <\/div>\n<\/div>\n<div class=\"rt-col-md-4 rt-col-sm-6 rt-col-xs-12 default rt-grid-item post-3135 post type-post status-publish format-standard has-post-thumbnail hentry category-exposition\"        data-id=\"3135\">\n    <div class=\"rt-holder tpg-post-holder \">\n        <div class=\"rt-detail rt-el-content-wrapper\">\n\t\t\t                <div class=\"rt-img-holder tpg-el-image-wrap has-thumbnail\">\n\t\t\t\t\t                        <img decoding=\"async\" src=\"https:\/\/hcpderie.fr\/wp-content\/uploads\/2026\/03\/maquette-guezennec.jpg\"\n                             class=\"rt-img-responsive\"\n                             width=\"630\"\n                             height=\"354\"\n                             alt=\"Ses maquettes pr\u00e9sent\u00e9es \u00e0 l\u2019exposition sur le camp d\u2019aviation am\u00e9ricain de Saint-Hilaire-de-Riez\">\n                        \n                            \n        \n                <div class=\"overlay grid-hover-content\"><\/div>\n                        <\/div>\n\t\t\t\n\t\t\t<div class=\"entry-title-wrapper\"><h2 class=\"entry-title\"><a data-id=\"3135\" href=\"https:\/\/hcpderie.fr\/?p=3135\" class=\"tpg-post-link\" target=\"_self\">Ses maquettes pr\u00e9sent\u00e9es \u00e0 l\u2019exposition sur le camp d\u2019aviation am\u00e9ricain de Saint-Hilaire-de-Riez<\/a><\/h2><\/div>\n\t\t\t                <div class=\"post-meta-tags rt-el-post-meta\">\n\t\t\t\t\t            <span class='date'>\n\t\t\t\t                                    18 septembre 2024                \t\t\t<\/span>\n                            <\/div>\n\t\t\t\n\n\t\t\t                <div class=\"tpg-excerpt tpg-el-excerpt\">\n\t\t\t\t\t                        <div class=\"tpg-excerpt-inner\">\n\t\t\t\t\t\t\tSes maquettes pr\u00e9sent\u00e9es \u00e0 l\u2019exposition sur le camp d\u2019aviation am\u00e9ricain de Saint-Hilaire-de-Riez Une exposition sur le camp d\u2019aviation am\u00e9ricain de...                        <\/div>\n\t\t\t\t\t\t\t\t\t\t                <\/div>\n\t\t\t\n\t\t\t        <div class=\"post-footer\">\n            <div class=\"post-footer\">\n                <div class=\"read-more\">\n                    <a data-id=\"3135\" href=\"https:\/\/hcpderie.fr\/?p=3135\" class=\"tpg-post-link\" target=\"_self\">En savoir plus<\/a>                <\/div>\n            <\/div>\n        <\/div>\n                <\/div>\n    <\/div>\n<\/div>\n<div class=\"rt-col-md-4 rt-col-sm-6 rt-col-xs-12 default rt-grid-item post-3111 post type-post status-publish format-standard has-post-thumbnail hentry category-exposition\"        data-id=\"3111\">\n    <div class=\"rt-holder tpg-post-holder \">\n        <div class=\"rt-detail rt-el-content-wrapper\">\n\t\t\t                <div class=\"rt-img-holder tpg-el-image-wrap has-thumbnail\">\n\t\t\t\t\t                        <img loading=\"lazy\" decoding=\"async\" src=\"https:\/\/hcpderie.fr\/wp-content\/uploads\/2026\/03\/vaincre-ou-mourir-768x629.jpg\"\n                             class=\"rt-img-responsive\"\n                             width=\"768\"\n                             height=\"629\"\n                             alt=\"Vaincre ou Mourir, une exposition \u00e0 d\u00e9couvrir\">\n                        \n                            \n        \n                <div class=\"overlay grid-hover-content\"><\/div>\n                        <\/div>\n\t\t\t\n\t\t\t<div class=\"entry-title-wrapper\"><h2 class=\"entry-title\"><a data-id=\"3111\" href=\"https:\/\/hcpderie.fr\/?p=3111\" class=\"tpg-post-link\" target=\"_self\">Vaincre ou Mourir, une exposition \u00e0 d\u00e9couvrir<\/a><\/h2><\/div>\n\t\t\t                <div class=\"post-meta-tags rt-el-post-meta\">\n\t\t\t\t\t            <span class='date'>\n\t\t\t\t                                    2 d\u00e9cembre 2022                \t\t\t<\/span>\n                            <\/div>\n\t\t\t\n\n\t\t\t                <div class=\"tpg-excerpt tpg-el-excerpt\">\n\t\t\t\t\t                        <div class=\"tpg-excerpt-inner\">\n\t\t\t\t\t\t\tVaincre ou Mourir, une exposition \u00e0 d\u00e9couvrir \u00c0 l\u2019initiative des communes de Saint-Hilaire-de-Riez et de Saint-Gilles-Croix-de-Vie, et avec la...                        <\/div>\n\t\t\t\t\t\t\t\t\t\t                <\/div>\n\t\t\t\n\t\t\t        <div class=\"post-footer\">\n            <div class=\"post-footer\">\n                <div class=\"read-more\">\n                    <a data-id=\"3111\" href=\"https:\/\/hcpderie.fr\/?p=3111\" class=\"tpg-post-link\" target=\"_self\">En savoir plus<\/a>                <\/div>\n            <\/div>\n        <\/div>\n                <\/div>\n    <\/div>\n<\/div>\n\t\t\t<\/div>\n\t\t\t\n\t\t<\/div>\n\t\t\t\t\t\t<\/div>\n\t\t\t\t<\/div>\n\t\t\t\t\t<\/div>\n\t\t\t\t<\/div>\n\t\t\t\t<\/div>\n\t\t","protected":false},"excerpt":{"rendered":"<p>les expositions Exposition \u00a0\u00bb les joies de la g\u00e9n\u00e9alogie\u00a0\u00bb 10 septembre 2022 Exposition \u00ab\u00a0les joies de la g\u00e9n\u00e9alogie\u00a0\u00bb du 10 [&hellip;]<\/p>\n","protected":false},"author":1,"featured_media":0,"parent":0,"menu_order":0,"comment_status":"closed","ping_status":"closed","template":"","meta":{"_angie_page":false,"site-sidebar-layout":"default","site-content-layout":"","ast-site-content-layout":"default","site-content-style":"default","site-sidebar-style":"default","ast-global-header-display":"","ast-banner-title-visibility":"","ast-main-header-display":"","ast-hfb-above-header-display":"","ast-hfb-below-header-display":"","ast-hfb-mobile-header-display":"","site-post-title":"","ast-breadcrumbs-content":"","ast-featured-img":"","footer-sml-layout":"","ast-disable-related-posts":"","theme-transparent-header-meta":"","adv-header-id-meta":"","stick-header-meta":"","header-above-stick-meta":"","header-main-stick-meta":"","header-below-stick-meta":"","astra-migrate-meta-layouts":"default","ast-page-background-enabled":"default","ast-page-background-meta":{"desktop":{"background-color":"var(--ast-global-color-5)","background-image":"","background-repeat":"repeat","background-position":"center center","background-size":"auto","background-attachment":"scroll","background-type":"","background-media":"","overlay-type":"","overlay-color":"","overlay-opacity":"","overlay-gradient":""},"tablet":{"background-color":"","background-image":"","background-repeat":"repeat","background-position":"center center","background-size":"auto","background-attachment":"scroll","background-type":"","background-media":"","overlay-type":"","overlay-color":"","overlay-opacity":"","overlay-gradient":""},"mobile":{"background-color":"","background-image":"","background-repeat":"repeat","background-position":"center center","background-size":"auto","background-attachment":"scroll","background-type":"","background-media":"","overlay-type":"","overlay-color":"","overlay-opacity":"","overlay-gradient":""}},"ast-content-background-meta":{"desktop":{"background-color":"var(--ast-global-color-4)","background-image":"","background-repeat":"repeat","background-position":"center center","background-size":"auto","background-attachment":"scroll","background-type":"","background-media":"","overlay-type":"","overlay-color":"","overlay-opacity":"","overlay-gradient":""},"tablet":{"background-color":"var(--ast-global-color-4)","background-image":"","background-repeat":"repeat","background-position":"center center","background-size":"auto","background-attachment":"scroll","background-type":"","background-media":"","overlay-type":"","overlay-color":"","overlay-opacity":"","overlay-gradient":""},"mobile":{"background-color":"var(--ast-global-color-4)","background-image":"","background-repeat":"repeat","background-position":"center center","background-size":"auto","background-attachment":"scroll","background-type":"","background-media":"","overlay-type":"","overlay-color":"","overlay-opacity":"","overlay-gradient":""}},"footnotes":""},"class_list":["post-2089","page","type-page","status-publish","hentry"],"aioseo_notices":[],"jetpack_sharing_enabled":true,"jetpack_likes_enabled":true,"rttpg_featured_image_url":null,"rttpg_author":{"display_name":"ADMIN17","author_link":"https:\/\/hcpderie.fr\/?author=1"},"rttpg_comment":0,"rttpg_category":"","rttpg_excerpt":"les expositions Exposition \u00a0\u00bb les joies de la g\u00e9n\u00e9alogie\u00a0\u00bb 10 septembre 2022 Exposition \u00ab\u00a0les joies de la g\u00e9n\u00e9alogie\u00a0\u00bb du 10 [&hellip;]","_links":{"self":[{"href":"https:\/\/hcpderie.fr\/index.php?rest_route=\/wp\/v2\/pages\/2089","targetHints":{"allow":["GET"]}}],"collection":[{"href":"https:\/\/hcpderie.fr\/index.php?rest_route=\/wp\/v2\/pages"}],"about":[{"href":"https:\/\/hcpderie.fr\/index.php?rest_route=\/wp\/v2\/types\/page"}],"author":[{"embeddable":true,"href":"https:\/\/hcpderie.fr\/index.php?rest_route=\/wp\/v2\/users\/1"}],"replies":[{"embeddable":true,"href":"https:\/\/hcpderie.fr\/index.php?rest_route=%2Fwp%2Fv2%2Fcomments&post=2089"}],"version-history":[{"count":7,"href":"https:\/\/hcpderie.fr\/index.php?rest_route=\/wp\/v2\/pages\/2089\/revisions"}],"predecessor-version":[{"id":2279,"href":"https:\/\/hcpderie.fr\/index.php?rest_route=\/wp\/v2\/pages\/2089\/revisions\/2279"}],"wp:attachment":[{"href":"https:\/\/hcpderie.fr\/index.php?rest_route=%2Fwp%2Fv2%2Fmedia&parent=2089"}],"curies":[{"name":"wp","href":"https:\/\/api.w.org\/{rel}","templated":true}]}}