{"id":1990,"date":"2026-03-08T13:20:58","date_gmt":"2026-03-08T12:20:58","guid":{"rendered":"https:\/\/hcpderie.fr\/myfreshinstall01\/?page_id=1990"},"modified":"2026-03-08T13:28:57","modified_gmt":"2026-03-08T12:28:57","slug":"les-brochures","status":"publish","type":"page","link":"https:\/\/hcpderie.fr\/?page_id=1990","title":{"rendered":"Les brochures"},"content":{"rendered":"\t\t<div data-elementor-type=\"wp-page\" data-elementor-id=\"1990\" class=\"elementor elementor-1990\">\n\t\t\t\t<div class=\"elementor-element elementor-element-775cc803 e-flex e-con-boxed e-con e-parent\" data-id=\"775cc803\" data-element_type=\"container\" data-e-type=\"container\">\n\t\t\t\t\t<div class=\"e-con-inner\">\n\t\t\t\t<div class=\"elementor-element elementor-element-27aceac6 elementor-widget elementor-widget-text-editor\" data-id=\"27aceac6\" data-element_type=\"widget\" data-e-type=\"widget\" data-widget_type=\"text-editor.default\">\n\t\t\t\t\t\t\t\t\t\t\t\t\t\t\t\t\t<\/div>\n\t\t\t\t\t<\/div>\n\t\t\t\t<\/div>\n\t\t<div class=\"elementor-element elementor-element-9a547ea e-flex e-con-boxed e-con e-parent\" data-id=\"9a547ea\" data-element_type=\"container\" data-e-type=\"container\">\n\t\t\t\t\t<div class=\"e-con-inner\">\n\t\t\t\t<div class=\"elementor-element elementor-element-a3bfbed meta-visibility-show section-title-style-style1 title_position_default title_hover_border_default title-default img_hover_animation_default meta_position_default readmore-btn-default-style grid-hover-overlay-type-always tpg-el-box-border-enable tpg-border-bottom-disable elementor-widget elementor-widget-tpg-grid-layout\" data-id=\"a3bfbed\" data-element_type=\"widget\" data-e-type=\"widget\" data-widget_type=\"tpg-grid-layout.default\">\n\t\t\t\t<div class=\"elementor-widget-container\">\n\t\t\t\t\t\t\t<div class=\"rt-container-fluid rt-tpg-container tpg-el-main-wrapper clearfix grid-layout1-main \"\n\t\t\t id=\"rt-tpg-container-3258851875\"\n\t\t\t data-layout=\"grid-layout1\"\n\t\t\t data-grid-style=\"tpg-full-height\"\n\t\t\t data-sc-id=\"elementor\"\n\t\t\t data-el-settings=''\n\t\t\t data-el-query=''\n\t\t\t data-el-path=''\n\t\t>\n\t\t\t\t\t\t<div class='tpg-header-wrapper '>\n\t\t\t\t\n        <div class=\"tpg-widget-heading-wrapper rt-clear heading-style1 \">\n            <span class=\"tpg-widget-heading-line line-left\"><\/span>\n            <h1 class='tpg-widget-heading'>\n            \n                                    <span>\n\t\t\t\t\t\tNos brochures \t\t\t\t\t<\/span>\n                    \n                            <\/h1>            <span class=\"tpg-widget-heading-line line-right\"><\/span>\n\n            \n        <\/div>\n\n        \n        \t\t\t<\/div>\n\n\t\t\t<div data-title=\"Loading ...\" class=\"rt-row rt-content-loader grid-layout1 grid-behaviour tpg-full-height grid_layout_wrapper\">\n\t\t\t\t<div class=\"rt-col-md-4 rt-col-sm-6 rt-col-xs-12 default rt-grid-item post-910 post type-post status-publish format-standard has-post-thumbnail hentry category-brochure category-publication tag-guerre-de-vendee tag-louis-de-lescure tag-nathalie-leroy-loesch tag-patrick-avrillas tag-revue tag-rochejaquelin tag-saint-hilaire-de-riez tag-versailles tag-victoire-de-donnissan\"        data-id=\"910\">\n    <div class=\"rt-holder tpg-post-holder \">\n        <div class=\"rt-detail rt-el-content-wrapper\">\n\t\t\t                <div class=\"rt-img-holder tpg-el-image-wrap has-thumbnail\">\n\t\t\t\t\t<a data-id=\"910\" href=\"https:\/\/hcpderie.fr\/?p=910\" class=\"tpg-post-link\" target=\"_self\">                        <img fetchpriority=\"high\" decoding=\"async\" src=\"https:\/\/hcpderie.fr\/wp-content\/uploads\/2026\/02\/Document_2026-02-24_215126-768x1092.jpg\"\n                             class=\"rt-img-responsive\"\n                             width=\"768\"\n                             height=\"1092\"\n                             alt=\"\u00ab\u00a0Mademoiselle Victorine\u00a0\u00bb de Nathalie Leroy-Loesch\">\n                        \n                            \n        <\/a>\n                <div class=\"overlay grid-hover-content\"><\/div>\n                        <\/div>\n\t\t\t\n\t\t\t<div class=\"entry-title-wrapper\"><h3 class=\"entry-title\"><a data-id=\"910\" href=\"https:\/\/hcpderie.fr\/?p=910\" class=\"tpg-post-link\" target=\"_self\">\u00ab\u00a0Mademoiselle Victorine\u00a0\u00bb de Nathalie Leroy-Loesch<\/a><\/h3><\/div>\n\t\t\t                <div class=\"post-meta-tags rt-el-post-meta\">\n\t\t\t\t\t                <\/div>\n\t\t\t\n\n\t\t\t                <div class=\"tpg-excerpt tpg-el-excerpt\">\n\t\t\t\t\t                        <div class=\"tpg-excerpt-inner\">\n\t\t\t\t\t\t\t\u00ab\u00a0Mademoiselle Victorine\u00a0\u00bb par Nathalie Leroy-Loesch L\u2019auteure, Nathalie Leroy-Loesch a pris sa plus belle plume pour nous livrer l\u2019histoire...                        <\/div>\n\t\t\t\t\t\t\t\t\t\t                <\/div>\n\t\t\t\n\t\t\t        <div class=\"post-footer\">\n            <div class=\"post-footer\">\n                <div class=\"read-more\">\n                    <a data-id=\"910\" href=\"https:\/\/hcpderie.fr\/?p=910\" class=\"tpg-post-link\" target=\"_self\">En savoir plus<\/a>                <\/div>\n            <\/div>\n        <\/div>\n                <\/div>\n    <\/div>\n<\/div>\n<div class=\"rt-col-md-4 rt-col-sm-6 rt-col-xs-12 default rt-grid-item post-2022 post type-post status-publish format-standard has-post-thumbnail hentry category-brochure category-publication tag-revue\"        data-id=\"2022\">\n    <div class=\"rt-holder tpg-post-holder \">\n        <div class=\"rt-detail rt-el-content-wrapper\">\n\t\t\t                <div class=\"rt-img-holder tpg-el-image-wrap has-thumbnail\">\n\t\t\t\t\t<a data-id=\"2022\" href=\"https:\/\/hcpderie.fr\/?p=2022\" class=\"tpg-post-link\" target=\"_self\">                        <img decoding=\"async\" src=\"https:\/\/hcpderie.fr\/wp-content\/uploads\/2026\/03\/Couverture-ilot-4-scaled-1-768x541.jpg\"\n                             class=\"rt-img-responsive\"\n                             width=\"768\"\n                             height=\"541\"\n                             alt=\"L\u2019histoire de l\u2019\u00eelot Jeanne d\u2019Arc\">\n                        \n                            \n        <\/a>\n                <div class=\"overlay grid-hover-content\"><\/div>\n                        <\/div>\n\t\t\t\n\t\t\t<div class=\"entry-title-wrapper\"><h3 class=\"entry-title\"><a data-id=\"2022\" href=\"https:\/\/hcpderie.fr\/?p=2022\" class=\"tpg-post-link\" target=\"_self\">L\u2019histoire de l\u2019\u00eelot Jeanne d\u2019Arc<\/a><\/h3><\/div>\n\t\t\t                <div class=\"post-meta-tags rt-el-post-meta\">\n\t\t\t\t\t                <\/div>\n\t\t\t\n\n\t\t\t                <div class=\"tpg-excerpt tpg-el-excerpt\">\n\t\t\t\t\t                        <div class=\"tpg-excerpt-inner\">\n\t\t\t\t\t\t\tL&rsquo;histoire de l&rsquo;\u00eelot Jeanne d&rsquo;Arc \u00a0 N\u00e9e \u00e0 la fin de la Seconde Guerre mondiale pr\u00e8s de la petite plage...                        <\/div>\n\t\t\t\t\t\t\t\t\t\t                <\/div>\n\t\t\t\n\t\t\t        <div class=\"post-footer\">\n            <div class=\"post-footer\">\n                <div class=\"read-more\">\n                    <a data-id=\"2022\" href=\"https:\/\/hcpderie.fr\/?p=2022\" class=\"tpg-post-link\" target=\"_self\">En savoir plus<\/a>                <\/div>\n            <\/div>\n        <\/div>\n                <\/div>\n    <\/div>\n<\/div>\n<div class=\"rt-col-md-4 rt-col-sm-6 rt-col-xs-12 default rt-grid-item post-1520 post type-post status-publish format-standard has-post-thumbnail hentry category-brochure category-publication tag-revue\"        data-id=\"1520\">\n    <div class=\"rt-holder tpg-post-holder \">\n        <div class=\"rt-detail rt-el-content-wrapper\">\n\t\t\t                <div class=\"rt-img-holder tpg-el-image-wrap has-thumbnail\">\n\t\t\t\t\t<a data-id=\"1520\" href=\"https:\/\/hcpderie.fr\/?p=1520\" class=\"tpg-post-link\" target=\"_self\">                        <img decoding=\"async\" src=\"https:\/\/hcpderie.fr\/wp-content\/uploads\/2026\/02\/le-champs-de-batailles-des-mathes-1-768x1080.jpg\"\n                             class=\"rt-img-responsive\"\n                             width=\"768\"\n                             height=\"1080\"\n                             alt=\"Le champs de bataille des Mathes\">\n                        \n                            \n        <\/a>\n                <div class=\"overlay grid-hover-content\"><\/div>\n                        <\/div>\n\t\t\t\n\t\t\t<div class=\"entry-title-wrapper\"><h3 class=\"entry-title\"><a data-id=\"1520\" href=\"https:\/\/hcpderie.fr\/?p=1520\" class=\"tpg-post-link\" target=\"_self\">Le champs de bataille des Mathes<\/a><\/h3><\/div>\n\t\t\t                <div class=\"post-meta-tags rt-el-post-meta\">\n\t\t\t\t\t                <\/div>\n\t\t\t\n\n\t\t\t                <div class=\"tpg-excerpt tpg-el-excerpt\">\n\t\t\t\t\t                        <div class=\"tpg-excerpt-inner\">\n\t\t\t\t\t\t\tLe Champ de Bataille des Mathes : Deux si\u00e8cles de combats pour la Couronne \u00a0 Cette brochure, r\u00e9alis\u00e9e en partenariat...                        <\/div>\n\t\t\t\t\t\t\t\t\t\t                <\/div>\n\t\t\t\n\t\t\t        <div class=\"post-footer\">\n            <div class=\"post-footer\">\n                <div class=\"read-more\">\n                    <a data-id=\"1520\" href=\"https:\/\/hcpderie.fr\/?p=1520\" class=\"tpg-post-link\" target=\"_self\">En savoir plus<\/a>                <\/div>\n            <\/div>\n        <\/div>\n                <\/div>\n    <\/div>\n<\/div>\n<div class=\"rt-col-md-4 rt-col-sm-6 rt-col-xs-12 default rt-grid-item post-665 post type-post status-publish format-standard has-post-thumbnail hentry category-brochure category-publication tag-bataille-rie tag-fra tag-francois-athanase-charette tag-guerre-vendee tag-louis-de-la-rochejaquelein tag-patrick-avrillas tag-revue tag-saint-hilaire-de-riez\"        data-id=\"665\">\n    <div class=\"rt-holder tpg-post-holder \">\n        <div class=\"rt-detail rt-el-content-wrapper\">\n\t\t\t                <div class=\"rt-img-holder tpg-el-image-wrap has-thumbnail\">\n\t\t\t\t\t<a data-id=\"665\" href=\"https:\/\/hcpderie.fr\/?p=665\" class=\"tpg-post-link\" target=\"_self\">                        <img loading=\"lazy\" decoding=\"async\" src=\"https:\/\/hcpderie.fr\/wp-content\/uploads\/2019\/04\/Les-guerres-de-Vendee-au-Pays-de-Rie-745x1024-1.jpg\"\n                             class=\"rt-img-responsive\"\n                             width=\"745\"\n                             height=\"1024\"\n                             alt=\"Les-guerres-de-Vend\u00e9e-au-Pays-de-Ri\u00e9-\">\n                        \n                            \n        <\/a>\n                <div class=\"overlay grid-hover-content\"><\/div>\n                        <\/div>\n\t\t\t\n\t\t\t<div class=\"entry-title-wrapper\"><h3 class=\"entry-title\"><a data-id=\"665\" href=\"https:\/\/hcpderie.fr\/?p=665\" class=\"tpg-post-link\" target=\"_self\">Les Guerres de Vend\u00e9e au Pays de Ri\u00e9<\/a><\/h3><\/div>\n\t\t\t                <div class=\"post-meta-tags rt-el-post-meta\">\n\t\t\t\t\t                <\/div>\n\t\t\t\n\n\t\t\t                <div class=\"tpg-excerpt tpg-el-excerpt\">\n\t\t\t\t\t                        <div class=\"tpg-excerpt-inner\">\n\t\t\t\t\t\t\tLes Guerres de Vend\u00e9e au Pays de Ri\u00e9 \u00a0 L\u2019Association Histoire, Culture et Patrimoine du Pays de Ri\u00e9 publie un...                        <\/div>\n\t\t\t\t\t\t\t\t\t\t                <\/div>\n\t\t\t\n\t\t\t        <div class=\"post-footer\">\n            <div class=\"post-footer\">\n                <div class=\"read-more\">\n                    <a data-id=\"665\" href=\"https:\/\/hcpderie.fr\/?p=665\" class=\"tpg-post-link\" target=\"_self\">En savoir plus<\/a>                <\/div>\n            <\/div>\n        <\/div>\n                <\/div>\n    <\/div>\n<\/div>\n<div class=\"rt-col-md-4 rt-col-sm-6 rt-col-xs-12 default rt-grid-item post-1999 post type-post status-publish format-standard has-post-thumbnail hentry category-brochure category-publication tag-revue\"        data-id=\"1999\">\n    <div class=\"rt-holder tpg-post-holder \">\n        <div class=\"rt-detail rt-el-content-wrapper\">\n\t\t\t                <div class=\"rt-img-holder tpg-el-image-wrap has-thumbnail\">\n\t\t\t\t\t<a data-id=\"1999\" href=\"https:\/\/hcpderie.fr\/?p=1999\" class=\"tpg-post-link\" target=\"_self\">                        <img loading=\"lazy\" decoding=\"async\" src=\"https:\/\/hcpderie.fr\/wp-content\/uploads\/2026\/03\/Couverture-de-la-revue-du-Champ-Gaillard-768x1086.jpg\"\n                             class=\"rt-img-responsive\"\n                             width=\"768\"\n                             height=\"1086\"\n                             alt=\"\u00a0Le camp d\u2019aviation am\u00e9ricain 1917-2017\">\n                        \n                            \n        <\/a>\n                <div class=\"overlay grid-hover-content\"><\/div>\n                        <\/div>\n\t\t\t\n\t\t\t<div class=\"entry-title-wrapper\"><h3 class=\"entry-title\"><a data-id=\"1999\" href=\"https:\/\/hcpderie.fr\/?p=1999\" class=\"tpg-post-link\" target=\"_self\">\u00a0Le camp d\u2019aviation am\u00e9ricain 1917-2017<\/a><\/h3><\/div>\n\t\t\t                <div class=\"post-meta-tags rt-el-post-meta\">\n\t\t\t\t\t                <\/div>\n\t\t\t\n\n\t\t\t                <div class=\"tpg-excerpt tpg-el-excerpt\">\n\t\t\t\t\t                        <div class=\"tpg-excerpt-inner\">\n\t\t\t\t\t\t\tLe camp d&rsquo;aviation am\u00e9ricain 1917-2017 \u00a0 Dans le cadre de l\u2019exposition et de la F\u00eate Nationale des \u00c9tats-Unis d\u2019Am\u00e9rique Notre...                        <\/div>\n\t\t\t\t\t\t\t\t\t\t                <\/div>\n\t\t\t\n\t\t\t        <div class=\"post-footer\">\n            <div class=\"post-footer\">\n                <div class=\"read-more\">\n                    <a data-id=\"1999\" href=\"https:\/\/hcpderie.fr\/?p=1999\" class=\"tpg-post-link\" target=\"_self\">En savoir plus<\/a>                <\/div>\n            <\/div>\n        <\/div>\n                <\/div>\n    <\/div>\n<\/div>\n\t\t\t<\/div>\n\t\t\t\n\t\t<\/div>\n\t\t\t\t\t\t<\/div>\n\t\t\t\t<\/div>\n\t\t\t\t\t<\/div>\n\t\t\t\t<\/div>\n\t\t\t\t<\/div>\n\t\t","protected":false},"excerpt":{"rendered":"<p>Nos brochures Parution d\u2019une brochure de Nathalie Leroy-Loesch \u00ab\u00a0Mademoiselle Victorine\u00a0\u00bb \u00ab\u00a0Mademoiselle Victorine\u00a0\u00bb par Nathalie Leroy-Loesch L\u2019auteure, Nathalie Leroy-Loesch a pris [&hellip;]<\/p>\n","protected":false},"author":1,"featured_media":0,"parent":0,"menu_order":0,"comment_status":"closed","ping_status":"closed","template":"","meta":{"_angie_page":false,"site-sidebar-layout":"default","site-content-layout":"","ast-site-content-layout":"default","site-content-style":"default","site-sidebar-style":"default","ast-global-header-display":"","ast-banner-title-visibility":"","ast-main-header-display":"","ast-hfb-above-header-display":"","ast-hfb-below-header-display":"","ast-hfb-mobile-header-display":"","site-post-title":"","ast-breadcrumbs-content":"","ast-featured-img":"","footer-sml-layout":"","ast-disable-related-posts":"","theme-transparent-header-meta":"","adv-header-id-meta":"","stick-header-meta":"","header-above-stick-meta":"","header-main-stick-meta":"","header-below-stick-meta":"","astra-migrate-meta-layouts":"default","ast-page-background-enabled":"default","ast-page-background-meta":{"desktop":{"background-color":"var(--ast-global-color-5)","background-image":"","background-repeat":"repeat","background-position":"center center","background-size":"auto","background-attachment":"scroll","background-type":"","background-media":"","overlay-type":"","overlay-color":"","overlay-opacity":"","overlay-gradient":""},"tablet":{"background-color":"","background-image":"","background-repeat":"repeat","background-position":"center center","background-size":"auto","background-attachment":"scroll","background-type":"","background-media":"","overlay-type":"","overlay-color":"","overlay-opacity":"","overlay-gradient":""},"mobile":{"background-color":"","background-image":"","background-repeat":"repeat","background-position":"center center","background-size":"auto","background-attachment":"scroll","background-type":"","background-media":"","overlay-type":"","overlay-color":"","overlay-opacity":"","overlay-gradient":""}},"ast-content-background-meta":{"desktop":{"background-color":"var(--ast-global-color-4)","background-image":"","background-repeat":"repeat","background-position":"center center","background-size":"auto","background-attachment":"scroll","background-type":"","background-media":"","overlay-type":"","overlay-color":"","overlay-opacity":"","overlay-gradient":""},"tablet":{"background-color":"var(--ast-global-color-4)","background-image":"","background-repeat":"repeat","background-position":"center center","background-size":"auto","background-attachment":"scroll","background-type":"","background-media":"","overlay-type":"","overlay-color":"","overlay-opacity":"","overlay-gradient":""},"mobile":{"background-color":"var(--ast-global-color-4)","background-image":"","background-repeat":"repeat","background-position":"center center","background-size":"auto","background-attachment":"scroll","background-type":"","background-media":"","overlay-type":"","overlay-color":"","overlay-opacity":"","overlay-gradient":""}},"footnotes":""},"class_list":["post-1990","page","type-page","status-publish","hentry"],"aioseo_notices":[],"jetpack_sharing_enabled":true,"jetpack_likes_enabled":true,"rttpg_featured_image_url":null,"rttpg_author":{"display_name":"ADMIN17","author_link":"https:\/\/hcpderie.fr\/?author=1"},"rttpg_comment":0,"rttpg_category":"","rttpg_excerpt":"Nos brochures Parution d\u2019une brochure de Nathalie Leroy-Loesch \u00ab\u00a0Mademoiselle Victorine\u00a0\u00bb \u00ab\u00a0Mademoiselle Victorine\u00a0\u00bb par Nathalie Leroy-Loesch L\u2019auteure, Nathalie Leroy-Loesch a pris [&hellip;]","_links":{"self":[{"href":"https:\/\/hcpderie.fr\/index.php?rest_route=\/wp\/v2\/pages\/1990","targetHints":{"allow":["GET"]}}],"collection":[{"href":"https:\/\/hcpderie.fr\/index.php?rest_route=\/wp\/v2\/pages"}],"about":[{"href":"https:\/\/hcpderie.fr\/index.php?rest_route=\/wp\/v2\/types\/page"}],"author":[{"embeddable":true,"href":"https:\/\/hcpderie.fr\/index.php?rest_route=\/wp\/v2\/users\/1"}],"replies":[{"embeddable":true,"href":"https:\/\/hcpderie.fr\/index.php?rest_route=%2Fwp%2Fv2%2Fcomments&post=1990"}],"version-history":[{"count":4,"href":"https:\/\/hcpderie.fr\/index.php?rest_route=\/wp\/v2\/pages\/1990\/revisions"}],"predecessor-version":[{"id":1996,"href":"https:\/\/hcpderie.fr\/index.php?rest_route=\/wp\/v2\/pages\/1990\/revisions\/1996"}],"wp:attachment":[{"href":"https:\/\/hcpderie.fr\/index.php?rest_route=%2Fwp%2Fv2%2Fmedia&parent=1990"}],"curies":[{"name":"wp","href":"https:\/\/api.w.org\/{rel}","templated":true}]}}